{"id":7542,"date":"2020-02-04T15:20:15","date_gmt":"2020-02-04T14:20:15","guid":{"rendered":"https:\/\/erasmushouse.museum\/discover\/beguinage\/"},"modified":"2026-02-10T16:15:07","modified_gmt":"2026-02-10T15:15:07","slug":"beguinage","status":"publish","type":"page","link":"https:\/\/erasmushouse.museum\/en\/discover\/beguinage\/","title":{"rendered":"The Beguinage"},"content":{"rendered":"<div class=\"wpb-content-wrapper\"><p>[vc_row full_width=&#8221;stretch_row&#8221; parallax=&#8221;content-moving&#8221; css=&#8221;.vc_custom_1662035748310{margin-top: -80px !important;margin-bottom: -80px !important;background-image: url(https:\/\/www.erasmushouse.museum\/wp-content\/uploads\/2022\/09\/Selec_Be\u0301guinage-12\u00a9Jonathan_Ortegat_Erasmus_House_Beguinage_museums_web_SiteWeb-2.png?id=16896) !important;background-position: center;background-repeat: no-repeat !important;background-size: cover !important;}&#8221;][vc_column][vc_empty_space height=&#8221;380px&#8221;][vc_row_inner][vc_column_inner offset=&#8221;vc_hidden-sm vc_hidden-xs&#8221;][vc_empty_space height=&#8221;150px&#8221;][\/vc_column_inner][\/vc_row_inner][\/vc_column][\/vc_row][vc_row row_content_width=&#8221;grid&#8221; content_text_aligment=&#8221;center&#8221; css=&#8221;.vc_custom_1582801004181{margin-top: -120px !important;}&#8221;][vc_column width=&#8221;1\/4&#8243;][\/vc_column][vc_column width=&#8221;1\/2&#8243;][vc_column_text css=&#8221;.vc_custom_1590390819036{padding-top: 10% !important;padding-right: 10% !important;padding-bottom: 15% !important;padding-left: 10% !important;background-color: #fdf6f0 !important;}&#8221;]<\/p>\n<div title=\"Page 1\">\n<h1>The Beguinage<\/h1>\n<\/div>\n<h3>DISCOVER<\/h3>\n<p>[\/vc_column_text][vc_single_image image=&#8221;3931&#8243; img_size=&#8221;full&#8221; alignment=&#8221;center&#8221; css=&#8221;.vc_custom_1576503716795{margin-top: -25px !important;}&#8221;][\/vc_column][vc_column width=&#8221;1\/4&#8243;][\/vc_column][\/vc_row][vc_row gap=&#8221;30&#8243; content_placement=&#8221;top&#8221; row_content_width=&#8221;grid&#8221; css=&#8221;.vc_custom_1578522932072{padding-top: 2% !important;}&#8221;][vc_column width=&#8221;1\/4&#8243;][\/vc_column][vc_column width=&#8221;1\/2&#8243;][vc_empty_space height=&#8221;40&#8243;][vc_column_text]<\/p>\n<p class=\"p1\">It was in 1252 that a beguinage was set up in the shadow of the Romanesque church of Saint Peter, now the Gothic collegiate church of Saint Peter and Saint Guidon. This is the smallest beguinage in Belgium and used to house eight beguines. In popular parlance, the beguinage was known as the &#8220;Klaphuis&#8221;: the chatterbox.<\/p>\n<p>[\/vc_column_text][vc_empty_space height=&#8221;80&#8243;][vc_column_text]<\/p>\n<h2 class=\"p1\">A religious as well as lay institution<\/h2>\n<p>[\/vc_column_text][vc_single_image image=&#8221;4903&#8243; img_size=&#8221;full&#8221; css=&#8221;.vc_custom_1578676866014{margin-top: 20px !important;margin-bottom: 10px !important;}&#8221;][vc_column_text css=&#8221;.vc_custom_1770736504185{padding-right: 10% !important;padding-left: 10% !important;}&#8221;]<span data-ccp-props=\"{&quot;201341983&quot;:0,&quot;335559739&quot;:160,&quot;335559740&quot;:259}\">The buildings, comprising two wings, surround a delightful enclosed garden and provide a view of the collegiate church. <\/span><\/p>\n<p><span data-ccp-props=\"{&quot;201341983&quot;:0,&quot;335559739&quot;:160,&quot;335559740&quot;:259}\">The Anderlecht Beguinage, both a religious and lay institution, was reserved for single women or widows. These women practised chastity and obedience but did not have to take perpetual vows and could leave the community. <\/span>[\/vc_column_text][\/vc_column][vc_column width=&#8221;1\/4&#8243;][\/vc_column][\/vc_row][vc_row gap=&#8221;30&#8243; equal_height=&#8221;yes&#8221; content_placement=&#8221;middle&#8221; row_content_width=&#8221;grid&#8221; css=&#8221;.vc_custom_1582801353425{padding-top: 5% !important;padding-bottom: 5% !important;}&#8221;][vc_column width=&#8221;1\/2&#8243; css=&#8221;.vc_custom_1662035814268{background-image: url(https:\/\/www.erasmushouse.museum\/wp-content\/uploads\/2022\/08\/Selec_Be\u0301guinage-7\u00a9Jonathan_Ortegat_Erasmus_House_Beguinage_museums_web.png?id=16711) !important;background-position: center !important;background-repeat: no-repeat !important;background-size: cover !important;}&#8221;][vc_empty_space height=&#8221;480px&#8221;][vc_column_text]\u00a9 Jonathan Ortegat and Erasmus House &amp; Beguinage museums[\/vc_column_text][\/vc_column][vc_column width=&#8221;1\/2&#8243;][vc_empty_space height=&#8221;40&#8243;][vc_column_text]<\/p>\n<h2 class=\"p1\">A Museum<\/h2>\n<p>[\/vc_column_text][vc_single_image image=&#8221;4903&#8243; img_size=&#8221;full&#8221; css=&#8221;.vc_custom_1578676866014{margin-top: 20px !important;margin-bottom: 10px !important;}&#8221;][vc_column_text css=&#8221;.vc_custom_1699265448345{padding-left: 10% !important;}&#8221;]The beguinage, which became a hospice after the French Revolution, was turned into a museum in 1930. This museum was dismantled in 2021 for in-depth restoration of the building, work that has just been completed. For now the public will be able to discover the work done to restore the original appearance of this extraordinary, unique architectural heritage site in Europe.<\/p>\n<p>A new museum project meeting the demands of a contemporary institution rooted in the present is now being developed.[\/vc_column_text][vc_empty_space height=&#8221;40&#8243;][vc_column_text]Photos of the restored beguinage \u00a9 Jonathan Ortegat and Erasmus House &amp; Beguinage museums[\/vc_column_text][\/vc_column][\/vc_row][vc_row full_width=&#8221;stretch_row_content_no_spaces&#8221; css=&#8221;.vc_custom_1578678749492{padding-top: 5% !important;padding-bottom: 5% !important;background-color: #fdf6f0 !important;}&#8221; simple_background_color=&#8221;#fdf6f0&#8243;][vc_column][vc_row_inner row_content_width=&#8221;grid&#8221;][vc_column_inner][vc_masonry_media_grid element_width=&#8221;3&#8243; gap=&#8221;2&#8243; item=&#8221;mediaGrid_Default&#8221; initial_loading_animation=&#8221;none&#8221; grid_id=&#8221;vc_gid:1770736487082-a2461188-0c29-9&#8243; include=&#8221;16691,16685,16697,16694,16688,16700,8094,8104&#8243;][\/vc_column_inner][\/vc_row_inner][\/vc_column][\/vc_row][vc_row content_placement=&#8221;middle&#8221; content_text_aligment=&#8221;center&#8221; css=&#8221;.vc_custom_1582801438680{padding-top: 2% !important;padding-bottom: 5% !important;background-image: url(https:\/\/erasmushouse.museum\/wp-content\/uploads\/2020\/01\/eramus-quote-7.png?id=4871) !important;background-position: center !important;background-repeat: no-repeat !important;background-size: cover !important;}&#8221;][vc_column][vc_row_inner content_placement=&#8221;middle&#8221; row_content_width=&#8221;grid&#8221; css=&#8221;.vc_custom_1588101977139{padding-top: 5% !important;padding-bottom: 5% !important;}&#8221; el_class=&#8221;adage&#8221;][vc_column_inner][vc_column_text]<\/p>\n<h2 style=\"text-align: center;\"><span data-sheets-value=\"{&quot;1&quot;:2,&quot;2&quot;:&quot;Ubi amici, ibi opes (\u00ab L\u00e0 o\u00f9 sont les amis, l\u00e0 est la richesse \u00bb) 224. I, III, 24.&quot;}\" data-sheets-userformat=\"{&quot;2&quot;:6657,&quot;3&quot;:{&quot;1&quot;:0},&quot;12&quot;:0,&quot;14&quot;:{&quot;1&quot;:2,&quot;2&quot;:0},&quot;15&quot;:&quot;\\&quot;Times New Roman\\&quot;&quot;}\">Ubi amici, ibi opes<\/span><\/h2>\n<h5 style=\"text-align: center;\"><span data-sheets-value=\"{&quot;1&quot;:2,&quot;2&quot;:&quot;Ubi amici, ibi opes (\u00ab L\u00e0 o\u00f9 sont les amis, l\u00e0 est la richesse \u00bb) 224. I, III, 24.&quot;}\" data-sheets-userformat=\"{&quot;2&quot;:6657,&quot;3&quot;:{&quot;1&quot;:0},&quot;12&quot;:0,&quot;14&quot;:{&quot;1&quot;:2,&quot;2&quot;:0},&quot;15&quot;:&quot;\\&quot;Times New Roman\\&quot;&quot;}\">Your wealth is where your friends are<\/span><\/h5>\n<p style=\"text-align: center;\"><span data-sheets-value=\"{&quot;1&quot;:2,&quot;2&quot;:&quot;Ubi amici, ibi opes (\u00ab L\u00e0 o\u00f9 sont les amis, l\u00e0 est la richesse \u00bb) 224. I, III, 24.&quot;}\" data-sheets-userformat=\"{&quot;2&quot;:6657,&quot;3&quot;:{&quot;1&quot;:0},&quot;12&quot;:0,&quot;14&quot;:{&quot;1&quot;:2,&quot;2&quot;:0},&quot;15&quot;:&quot;\\&quot;Times New Roman\\&quot;&quot;}\">Erasmus, <em>Adagium<\/em> n\u00b0224 (I, III, 24)<\/span><\/p>\n<div id=\"gtx-trans\" style=\"position: absolute; left: 194px; top: 110px;\">\n<div class=\"gtx-trans-icon\"><\/div>\n<\/div>\n<p>[\/vc_column_text][\/vc_column_inner][\/vc_row_inner][vc_row_inner][vc_column_inner offset=&#8221;vc_hidden-lg vc_hidden-md&#8221;][vc_empty_space height=&#8221;40px&#8221;][\/vc_column_inner][\/vc_row_inner][\/vc_column][\/vc_row][vc_row content_text_aligment=&#8221;center&#8221; css=&#8221;.vc_custom_1578700716896{margin-bottom: -45px !important;border-top-width: 1px !important;border-top-color: #e4dedb !important;border-top-style: solid !important;}&#8221;][vc_column][vc_row_inner content_placement=&#8221;top&#8221; gap=&#8221;1&#8243; row_content_width=&#8221;grid&#8221; content_text_aligment=&#8221;center&#8221; css=&#8221;.vc_custom_1578693453795{padding-top: 5% !important;padding-bottom: 5% !important;}&#8221;][vc_column_inner width=&#8221;1\/2&#8243; css=&#8221;.vc_custom_1582801545176{border-top-width: 0px !important;border-right-width: 1px !important;border-bottom-width: 0px !important;border-left-width: 0px !important;padding-right: 10% !important;padding-left: 10% !important;border-left-color: #e4dedb !important;border-left-style: dotted !important;border-right-color: #e4dedb !important;border-right-style: dotted !important;border-top-color: #e4dedb !important;border-top-style: dotted !important;border-bottom-color: #e4dedb !important;border-bottom-style: dotted !important;}&#8221; offset=&#8221;vc_hidden-sm vc_hidden-xs&#8221;][vc_column_text]<\/p>\n<h2>The Study Centre<\/h2>\n<p><a href=\"\/en\/discover\/study-centre\/\">Discover<\/a>[\/vc_column_text][vc_empty_space height=&#8221;20px&#8221;][\/vc_column_inner][vc_column_inner width=&#8221;1\/2&#8243; css=&#8221;.vc_custom_1582801549845{border-top-width: 0px !important;border-right-width: 0px !important;border-bottom-width: 0px !important;border-left-width: 0px !important;padding-right: 10% !important;padding-left: 10% !important;}&#8221; offset=&#8221;vc_hidden-sm vc_hidden-xs&#8221;][vc_column_text]<\/p>\n<h2>ERASMUS<\/h2>\n<p><a href=\"\/en\/discover\/erasmus\/\">Discover<\/a>[\/vc_column_text][vc_empty_space height=&#8221;20px&#8221;][\/vc_column_inner][\/vc_row_inner][vc_row_inner][vc_column_inner offset=&#8221;vc_hidden-lg vc_hidden-md&#8221;][vc_empty_space height=&#8221;40px&#8221;][vc_column_text]<\/p>\n<h2>The Study Centre<\/h2>\n<p><a href=\"\/en\/discover\/study-centre\/\">Discover<\/a>[\/vc_column_text][vc_empty_space height=&#8221;40px&#8221;][vc_column_text]<\/p>\n<h2>ERASMUS<\/h2>\n<p><a href=\"\/en\/discover\/erasmus\/\">Discover<\/a>[\/vc_column_text][vc_empty_space height=&#8221;40px&#8221;][\/vc_column_inner][\/vc_row_inner][\/vc_column][\/vc_row]<\/p>\n<\/div>","protected":false},"excerpt":{"rendered":"<p> [&hellip;]<\/p>\n","protected":false},"author":10,"featured_media":0,"parent":7211,"menu_order":0,"comment_status":"closed","ping_status":"closed","template":"full-width.php","meta":{"_acf_changed":false,"footnotes":""},"class_list":["post-7542","page","type-page","status-publish","hentry"],"acf":[],"yoast_head":"<!-- This site is optimized with the Yoast SEO plugin v27.3 - https:\/\/yoast.com\/product\/yoast-seo-wordpress\/ -->\n<title>The Beguinage - Erasmus House<\/title>\n<meta name=\"description\" content=\"Discover the architecture of the Anderlecht beguinage\" \/>\n<meta name=\"robots\" content=\"index, follow, max-snippet:-1, max-image-preview:large, max-video-preview:-1\" \/>\n<link rel=\"canonical\" href=\"https:\/\/erasmushouse.museum\/en\/discover\/beguinage\/\" \/>\n<meta property=\"og:locale\" content=\"en_US\" \/>\n<meta property=\"og:type\" content=\"article\" \/>\n<meta property=\"og:title\" content=\"The Beguinage - Erasmus House\" \/>\n<meta property=\"og:description\" content=\"Discover the architecture of the Anderlecht beguinage\" \/>\n<meta property=\"og:url\" content=\"https:\/\/erasmushouse.museum\/en\/discover\/beguinage\/\" \/>\n<meta property=\"og:site_name\" content=\"Erasmus House\" \/>\n<meta property=\"article:modified_time\" content=\"2026-02-10T15:15:07+00:00\" \/>\n<meta name=\"twitter:card\" content=\"summary_large_image\" \/>\n<meta name=\"twitter:label1\" content=\"Est. reading time\" \/>\n\t<meta name=\"twitter:data1\" content=\"3 minutes\" \/>\n<script type=\"application\/ld+json\" class=\"yoast-schema-graph\">{\"@context\":\"https:\\\/\\\/schema.org\",\"@graph\":[{\"@type\":\"WebPage\",\"@id\":\"https:\\\/\\\/erasmushouse.museum\\\/en\\\/discover\\\/beguinage\\\/\",\"url\":\"https:\\\/\\\/erasmushouse.museum\\\/en\\\/discover\\\/beguinage\\\/\",\"name\":\"The Beguinage - Erasmus House\",\"isPartOf\":{\"@id\":\"https:\\\/\\\/www.erasmushouse.museum\\\/en\\\/#website\"},\"datePublished\":\"2020-02-04T14:20:15+00:00\",\"dateModified\":\"2026-02-10T15:15:07+00:00\",\"description\":\"Discover the architecture of the Anderlecht beguinage\",\"breadcrumb\":{\"@id\":\"https:\\\/\\\/erasmushouse.museum\\\/en\\\/discover\\\/beguinage\\\/#breadcrumb\"},\"inLanguage\":\"en-US\",\"potentialAction\":[{\"@type\":\"ReadAction\",\"target\":[\"https:\\\/\\\/erasmushouse.museum\\\/en\\\/discover\\\/beguinage\\\/\"]}]},{\"@type\":\"BreadcrumbList\",\"@id\":\"https:\\\/\\\/erasmushouse.museum\\\/en\\\/discover\\\/beguinage\\\/#breadcrumb\",\"itemListElement\":[{\"@type\":\"ListItem\",\"position\":1,\"name\":\"Home\",\"item\":\"https:\\\/\\\/www.erasmushouse.museum\\\/en\\\/\"},{\"@type\":\"ListItem\",\"position\":2,\"name\":\"Discover\",\"item\":\"https:\\\/\\\/www.erasmushouse.museum\\\/en\\\/discover\\\/\"},{\"@type\":\"ListItem\",\"position\":3,\"name\":\"The Beguinage\"}]},{\"@type\":\"WebSite\",\"@id\":\"https:\\\/\\\/www.erasmushouse.museum\\\/en\\\/#website\",\"url\":\"https:\\\/\\\/www.erasmushouse.museum\\\/en\\\/\",\"name\":\"Erasmus House\",\"description\":\"Visitez une des plus anciennes maisons gothiques de Bruxelles\",\"potentialAction\":[{\"@type\":\"SearchAction\",\"target\":{\"@type\":\"EntryPoint\",\"urlTemplate\":\"https:\\\/\\\/www.erasmushouse.museum\\\/en\\\/?s={search_term_string}\"},\"query-input\":{\"@type\":\"PropertyValueSpecification\",\"valueRequired\":true,\"valueName\":\"search_term_string\"}}],\"inLanguage\":\"en-US\"}]}<\/script>\n<!-- \/ Yoast SEO plugin. -->","yoast_head_json":{"title":"The Beguinage - Erasmus House","description":"Discover the architecture of the Anderlecht beguinage","robots":{"index":"index","follow":"follow","max-snippet":"max-snippet:-1","max-image-preview":"max-image-preview:large","max-video-preview":"max-video-preview:-1"},"canonical":"https:\/\/erasmushouse.museum\/en\/discover\/beguinage\/","og_locale":"en_US","og_type":"article","og_title":"The Beguinage - Erasmus House","og_description":"Discover the architecture of the Anderlecht beguinage","og_url":"https:\/\/erasmushouse.museum\/en\/discover\/beguinage\/","og_site_name":"Erasmus House","article_modified_time":"2026-02-10T15:15:07+00:00","twitter_card":"summary_large_image","twitter_misc":{"Est. reading time":"3 minutes"},"schema":{"@context":"https:\/\/schema.org","@graph":[{"@type":"WebPage","@id":"https:\/\/erasmushouse.museum\/en\/discover\/beguinage\/","url":"https:\/\/erasmushouse.museum\/en\/discover\/beguinage\/","name":"The Beguinage - Erasmus House","isPartOf":{"@id":"https:\/\/www.erasmushouse.museum\/en\/#website"},"datePublished":"2020-02-04T14:20:15+00:00","dateModified":"2026-02-10T15:15:07+00:00","description":"Discover the architecture of the Anderlecht beguinage","breadcrumb":{"@id":"https:\/\/erasmushouse.museum\/en\/discover\/beguinage\/#breadcrumb"},"inLanguage":"en-US","potentialAction":[{"@type":"ReadAction","target":["https:\/\/erasmushouse.museum\/en\/discover\/beguinage\/"]}]},{"@type":"BreadcrumbList","@id":"https:\/\/erasmushouse.museum\/en\/discover\/beguinage\/#breadcrumb","itemListElement":[{"@type":"ListItem","position":1,"name":"Home","item":"https:\/\/www.erasmushouse.museum\/en\/"},{"@type":"ListItem","position":2,"name":"Discover","item":"https:\/\/www.erasmushouse.museum\/en\/discover\/"},{"@type":"ListItem","position":3,"name":"The Beguinage"}]},{"@type":"WebSite","@id":"https:\/\/www.erasmushouse.museum\/en\/#website","url":"https:\/\/www.erasmushouse.museum\/en\/","name":"Erasmus House","description":"Visitez une des plus anciennes maisons gothiques de Bruxelles","potentialAction":[{"@type":"SearchAction","target":{"@type":"EntryPoint","urlTemplate":"https:\/\/www.erasmushouse.museum\/en\/?s={search_term_string}"},"query-input":{"@type":"PropertyValueSpecification","valueRequired":true,"valueName":"search_term_string"}}],"inLanguage":"en-US"}]}},"_links":{"self":[{"href":"https:\/\/erasmushouse.museum\/en\/wp-json\/wp\/v2\/pages\/7542","targetHints":{"allow":["GET"]}}],"collection":[{"href":"https:\/\/erasmushouse.museum\/en\/wp-json\/wp\/v2\/pages"}],"about":[{"href":"https:\/\/erasmushouse.museum\/en\/wp-json\/wp\/v2\/types\/page"}],"author":[{"embeddable":true,"href":"https:\/\/erasmushouse.museum\/en\/wp-json\/wp\/v2\/users\/10"}],"replies":[{"embeddable":true,"href":"https:\/\/erasmushouse.museum\/en\/wp-json\/wp\/v2\/comments?post=7542"}],"version-history":[{"count":7,"href":"https:\/\/erasmushouse.museum\/en\/wp-json\/wp\/v2\/pages\/7542\/revisions"}],"predecessor-version":[{"id":24338,"href":"https:\/\/erasmushouse.museum\/en\/wp-json\/wp\/v2\/pages\/7542\/revisions\/24338"}],"up":[{"embeddable":true,"href":"https:\/\/erasmushouse.museum\/en\/wp-json\/wp\/v2\/pages\/7211"}],"wp:attachment":[{"href":"https:\/\/erasmushouse.museum\/en\/wp-json\/wp\/v2\/media?parent=7542"}],"curies":[{"name":"wp","href":"https:\/\/api.w.org\/{rel}","templated":true}]}}