{"id":7541,"date":"2020-02-04T15:20:15","date_gmt":"2020-02-04T14:20:15","guid":{"rendered":"https:\/\/erasmushouse.museum\/decouvrir\/beguinage\/"},"modified":"2026-02-10T16:14:20","modified_gmt":"2026-02-10T15:14:20","slug":"begijnhof","status":"publish","type":"page","link":"https:\/\/erasmushouse.museum\/nl\/ontdek\/begijnhof\/","title":{"rendered":"Begijnhof"},"content":{"rendered":"<div class=\"wpb-content-wrapper\"><p>[vc_row full_width=&#8221;stretch_row&#8221; parallax=&#8221;content-moving&#8221; css=&#8221;.vc_custom_1662035596628{margin-top: -80px !important;margin-bottom: -80px !important;background-image: url(https:\/\/www.erasmushouse.museum\/wp-content\/uploads\/2022\/09\/Selec_Be\u0301guinage-12\u00a9Jonathan_Ortegat_Erasmus_House_Beguinage_museums_web_SiteWeb-2.png?id=16895) !important;background-position: center;background-repeat: no-repeat !important;background-size: cover !important;}&#8221;][vc_column][vc_empty_space height=&#8221;380px&#8221;][vc_row_inner][vc_column_inner offset=&#8221;vc_hidden-sm vc_hidden-xs&#8221;][vc_empty_space height=&#8221;150px&#8221;][\/vc_column_inner][\/vc_row_inner][\/vc_column][\/vc_row][vc_row row_content_width=&#8221;grid&#8221; content_text_aligment=&#8221;center&#8221; css=&#8221;.vc_custom_1582801004181{margin-top: -120px !important;}&#8221;][vc_column width=&#8221;1\/4&#8243;][\/vc_column][vc_column width=&#8221;1\/2&#8243;][vc_column_text css=&#8221;.vc_custom_1591000663343{padding-top: 10% !important;padding-right: 10% !important;padding-bottom: 15% !important;padding-left: 10% !important;background-color: #fdf6f0 !important;}&#8221;]<\/p>\n<div title=\"Page 1\">\n<h1>Begijnhof<\/h1>\n<\/div>\n<h3>ONTDEK<\/h3>\n<p>[\/vc_column_text][vc_single_image image=&#8221;3931&#8243; img_size=&#8221;full&#8221; alignment=&#8221;center&#8221; css=&#8221;.vc_custom_1576503716795{margin-top: -25px !important;}&#8221;][\/vc_column][vc_column width=&#8221;1\/4&#8243;][\/vc_column][\/vc_row][vc_row gap=&#8221;30&#8243; content_placement=&#8221;top&#8221; row_content_width=&#8221;grid&#8221; css=&#8221;.vc_custom_1578522932072{padding-top: 2% !important;}&#8221;][vc_column width=&#8221;1\/4&#8243;][\/vc_column][vc_column width=&#8221;1\/2&#8243;][vc_empty_space height=&#8221;40&#8243;][vc_column_text]<\/p>\n<p class=\"p1\">In 1252 werd er een Begijnhof gebouwd vlak bij de romaanse Sint-Pieterkerk, de huidige gothische Collegiale Sint-Pieter-en-Sint-Guidokerk. Het is het kleinste begijnhof van Belgi\u00eb waar destijds acht begijnen woonden. In de volksmond werd het Begijnhof \u201cKlaphuis\u201d genoemd: het huis waar wordt gekletst.<\/p>\n<p>[\/vc_column_text][vc_empty_space height=&#8221;80&#8243;][vc_column_text]<\/p>\n<h2 class=\"p1\">Een zowel religieuze als seculiere instelling<\/h2>\n<p>[\/vc_column_text][vc_single_image image=&#8221;4903&#8243; img_size=&#8221;full&#8221; css=&#8221;.vc_custom_1578676866014{margin-top: 20px !important;margin-bottom: 10px !important;}&#8221;][vc_column_text css=&#8221;.vc_custom_1770736457730{padding-right: 10% !important;padding-left: 10% !important;}&#8221;]De gebouwen bestaan uit twee vleugels, die een ommuurde charmante tuin omringen met uitzicht op de Collegiale kerk.<\/p>\n<p>Het Begijnhof van Anderlecht, een zowel religieuze als seculiere instelling, was voorbehouden aan ongehuwde vrouwen of weduwen. Zij hielden zich aan de gelofte van kuisheid en gehoorzaamheid, maar ze hoefden niet de eeuwige gelofte af te leggen en mochten vrijelijk de gemeenschap verlaten.[\/vc_column_text][\/vc_column][vc_column width=&#8221;1\/4&#8243;][\/vc_column][\/vc_row][vc_row gap=&#8221;30&#8243; equal_height=&#8221;yes&#8221; content_placement=&#8221;middle&#8221; row_content_width=&#8221;grid&#8221; css=&#8221;.vc_custom_1582801353425{padding-top: 5% !important;padding-bottom: 5% !important;}&#8221;][vc_column width=&#8221;1\/2&#8243; css=&#8221;.vc_custom_1662035622279{background-image: url(https:\/\/www.erasmushouse.museum\/wp-content\/uploads\/2022\/08\/Selec_Be\u0301guinage-7\u00a9Jonathan_Ortegat_Erasmus_House_Beguinage_museums_web.png?id=16710) !important;background-position: center !important;background-repeat: no-repeat !important;background-size: cover !important;}&#8221;][vc_empty_space height=&#8221;480px&#8221;][vc_column_text]\u00a9 Jonathan Ortegat en Erasmushuis &amp; begijnhofmusea[\/vc_column_text][\/vc_column][vc_column width=&#8221;1\/2&#8243;][vc_empty_space height=&#8221;40&#8243;][vc_column_text]<\/p>\n<h2 class=\"p1\">Een museum<\/h2>\n<p>[\/vc_column_text][vc_single_image image=&#8221;4903&#8243; img_size=&#8221;full&#8221; css=&#8221;.vc_custom_1578676866014{margin-top: 20px !important;margin-bottom: 10px !important;}&#8221;][vc_column_text css=&#8221;.vc_custom_1716796753887{padding-left: 10% !important;}&#8221;]Het Begijnhof, dat na de Franse Revolutie als hospies diende, werd in 1930 getransformeerd tot museum. In 2021 werd dit museum ontmanteld om een grondige restauratie van het bouwwerk te ondergaan en wat momenteel is voltooid. Om te beginnen kan het publiek zien wat voor een werk er is verricht om de oorspronkelijke allure aan dit uitzonderlijk erfgoed \u2013 uniek in Europa &#8211; terug te geven.<\/p>\n<p>Momenteel wordt een nieuw museaal project uitgewerkt dat beantwoordt aan de vereisten van een in zijn tijd verankerde hedendaagse instelling.<br \/>\nHet nieuwe museum gaat open in 2025.[\/vc_column_text][vc_empty_space height=&#8221;40&#8243;][vc_column_text]Foto&#8217;s van het gerestaureerde begijnhof \u00a9 Jonathan Ortegat en Erasmushuis &amp; begijnhofmusea[\/vc_column_text][\/vc_column][\/vc_row][vc_row full_width=&#8221;stretch_row_content_no_spaces&#8221; css=&#8221;.vc_custom_1578678749492{padding-top: 5% !important;padding-bottom: 5% !important;background-color: #fdf6f0 !important;}&#8221; simple_background_color=&#8221;#fdf6f0&#8243;][vc_column][vc_row_inner row_content_width=&#8221;grid&#8221;][vc_column_inner][vc_masonry_media_grid element_width=&#8221;3&#8243; gap=&#8221;2&#8243; item=&#8221;mediaGrid_Default&#8221; initial_loading_animation=&#8221;none&#8221; grid_id=&#8221;vc_gid:1770736441540-8bdf4301-4cfa-4&#8243; include=&#8221;16684,16687,16690,16693,16696,16699,8105,8095&#8243;][\/vc_column_inner][\/vc_row_inner][\/vc_column][\/vc_row][vc_row content_placement=&#8221;middle&#8221; content_text_aligment=&#8221;center&#8221; css=&#8221;.vc_custom_1582801438680{padding-top: 2% !important;padding-bottom: 5% !important;background-image: url(https:\/\/erasmushouse.museum\/wp-content\/uploads\/2020\/01\/eramus-quote-7.png?id=4871) !important;background-position: center !important;background-repeat: no-repeat !important;background-size: cover !important;}&#8221;][vc_column][vc_row_inner content_placement=&#8221;middle&#8221; row_content_width=&#8221;grid&#8221; css=&#8221;.vc_custom_1588101977139{padding-top: 5% !important;padding-bottom: 5% !important;}&#8221; el_class=&#8221;adage&#8221;][vc_column_inner][vc_column_text]<\/p>\n<h2 style=\"text-align: center;\"><span data-sheets-value=\"{&quot;1&quot;:2,&quot;2&quot;:&quot;Ubi amici, ibi opes (\u00ab L\u00e0 o\u00f9 sont les amis, l\u00e0 est la richesse \u00bb) 224. I, III, 24.&quot;}\" data-sheets-userformat=\"{&quot;2&quot;:6657,&quot;3&quot;:{&quot;1&quot;:0},&quot;12&quot;:0,&quot;14&quot;:{&quot;1&quot;:2,&quot;2&quot;:0},&quot;15&quot;:&quot;\\&quot;Times New Roman\\&quot;&quot;}\">Ubi amici, ibi opes<\/span><\/h2>\n<h5 style=\"text-align: center;\">Waar vrienden zijn, daar is rijkdom<\/h5>\n<p style=\"text-align: center;\">Erasmus, Adagium nr 224 (I, III, 24)<\/p>\n<div id=\"gtx-trans\" style=\"position: absolute; left: 194px; top: 110px;\">\n<div class=\"gtx-trans-icon\"><\/div>\n<\/div>\n<p>[\/vc_column_text][\/vc_column_inner][\/vc_row_inner][vc_row_inner][vc_column_inner offset=&#8221;vc_hidden-lg vc_hidden-md&#8221;][vc_empty_space height=&#8221;40px&#8221;][\/vc_column_inner][\/vc_row_inner][\/vc_column][\/vc_row][vc_row content_text_aligment=&#8221;center&#8221; css=&#8221;.vc_custom_1578700716896{margin-bottom: -45px !important;border-top-width: 1px !important;border-top-color: #e4dedb !important;border-top-style: solid !important;}&#8221;][vc_column][vc_row_inner content_placement=&#8221;top&#8221; gap=&#8221;1&#8243; row_content_width=&#8221;grid&#8221; content_text_aligment=&#8221;center&#8221; css=&#8221;.vc_custom_1578693453795{padding-top: 5% !important;padding-bottom: 5% !important;}&#8221;][vc_column_inner width=&#8221;1\/2&#8243; css=&#8221;.vc_custom_1590744201254{border-top-width: 0px !important;border-right-width: 1px !important;border-bottom-width: 0px !important;border-left-width: 0px !important;padding-right: 10% !important;padding-left: 10% !important;border-left-color: #e4dedb !important;border-left-style: dotted !important;border-right-color: #e4dedb !important;border-right-style: dotted !important;border-top-color: #e4dedb !important;border-top-style: dotted !important;border-bottom-color: #e4dedb !important;border-bottom-style: dotted !important;}&#8221; offset=&#8221;vc_hidden-xs&#8221;][vc_column_text]<\/p>\n<h2>Studiecentrum<\/h2>\n<p><a href=\"\/nl\/ontdek\/studiecentrum\">Ontdek<\/a>[\/vc_column_text][vc_empty_space height=&#8221;20px&#8221;][\/vc_column_inner][vc_column_inner width=&#8221;1\/2&#8243; css=&#8221;.vc_custom_1590744205349{border-top-width: 0px !important;border-right-width: 0px !important;border-bottom-width: 0px !important;border-left-width: 0px !important;padding-right: 10% !important;padding-left: 10% !important;}&#8221; offset=&#8221;vc_hidden-xs&#8221;][vc_column_text]<\/p>\n<h2>ERASMUS<\/h2>\n<p><a href=\"\/nl\/ontdek\/erasmus\">Ontdek<\/a>[\/vc_column_text][vc_empty_space height=&#8221;20px&#8221;][\/vc_column_inner][\/vc_row_inner][vc_row_inner][vc_column_inner offset=&#8221;vc_hidden-lg vc_hidden-md vc_hidden-sm&#8221;][vc_empty_space height=&#8221;40px&#8221;][vc_column_text]<\/p>\n<h2>Studiecentrum<\/h2>\n<p><a href=\"\/nl\/ontdek\/studiecentrum\">Ontdek<\/a>[\/vc_column_text][vc_empty_space height=&#8221;40px&#8221;][vc_column_text]<\/p>\n<h2>ERASMUS<\/h2>\n<p><a href=\"\/nl\/ontdek\/erasmus\">Ontdek<\/a>[\/vc_column_text][vc_empty_space height=&#8221;40px&#8221;][\/vc_column_inner][\/vc_row_inner][\/vc_column][\/vc_row]<\/p>\n<\/div>","protected":false},"excerpt":{"rendered":"<p> [&hellip;]<\/p>\n","protected":false},"author":10,"featured_media":0,"parent":7209,"menu_order":0,"comment_status":"closed","ping_status":"closed","template":"full-width.php","meta":{"_acf_changed":false,"footnotes":""},"class_list":["post-7541","page","type-page","status-publish","hentry"],"acf":[],"yoast_head":"<!-- This site is optimized with the Yoast SEO plugin v27.4 - https:\/\/yoast.com\/product\/yoast-seo-wordpress\/ -->\n<title>Begijnhof - Erasmus House<\/title>\n<meta name=\"description\" content=\"Ontdenk deze uitzonderlijk erfgoed uniek in Europa\" \/>\n<meta name=\"robots\" content=\"index, follow, max-snippet:-1, max-image-preview:large, max-video-preview:-1\" \/>\n<link rel=\"canonical\" href=\"https:\/\/erasmushouse.museum\/nl\/ontdek\/begijnhof\/\" \/>\n<meta property=\"og:locale\" content=\"nl_NL\" \/>\n<meta property=\"og:type\" content=\"article\" \/>\n<meta property=\"og:title\" content=\"Begijnhof - Erasmus House\" \/>\n<meta property=\"og:description\" content=\"Ontdenk deze uitzonderlijk erfgoed uniek in Europa\" \/>\n<meta property=\"og:url\" content=\"https:\/\/erasmushouse.museum\/nl\/ontdek\/begijnhof\/\" \/>\n<meta property=\"og:site_name\" content=\"Erasmus House\" \/>\n<meta property=\"article:modified_time\" content=\"2026-02-10T15:14:20+00:00\" \/>\n<meta name=\"twitter:card\" content=\"summary_large_image\" \/>\n<meta name=\"twitter:label1\" content=\"Geschatte leestijd\" \/>\n\t<meta name=\"twitter:data1\" content=\"4 minuten\" \/>\n<script type=\"application\/ld+json\" class=\"yoast-schema-graph\">{\"@context\":\"https:\\\/\\\/schema.org\",\"@graph\":[{\"@type\":\"WebPage\",\"@id\":\"https:\\\/\\\/erasmushouse.museum\\\/nl\\\/ontdek\\\/begijnhof\\\/\",\"url\":\"https:\\\/\\\/erasmushouse.museum\\\/nl\\\/ontdek\\\/begijnhof\\\/\",\"name\":\"Begijnhof - Erasmus House\",\"isPartOf\":{\"@id\":\"https:\\\/\\\/erasmushouse.museum\\\/nl\\\/#website\"},\"datePublished\":\"2020-02-04T14:20:15+00:00\",\"dateModified\":\"2026-02-10T15:14:20+00:00\",\"description\":\"Ontdenk deze uitzonderlijk erfgoed uniek in Europa\",\"breadcrumb\":{\"@id\":\"https:\\\/\\\/erasmushouse.museum\\\/nl\\\/ontdek\\\/begijnhof\\\/#breadcrumb\"},\"inLanguage\":\"nl-NL\",\"potentialAction\":[{\"@type\":\"ReadAction\",\"target\":[\"https:\\\/\\\/erasmushouse.museum\\\/nl\\\/ontdek\\\/begijnhof\\\/\"]}]},{\"@type\":\"BreadcrumbList\",\"@id\":\"https:\\\/\\\/erasmushouse.museum\\\/nl\\\/ontdek\\\/begijnhof\\\/#breadcrumb\",\"itemListElement\":[{\"@type\":\"ListItem\",\"position\":1,\"name\":\"Home\",\"item\":\"https:\\\/\\\/www.erasmushouse.museum\\\/nl\\\/\"},{\"@type\":\"ListItem\",\"position\":2,\"name\":\"Ontdek\",\"item\":\"https:\\\/\\\/www.erasmushouse.museum\\\/nl\\\/ontdek\\\/\"},{\"@type\":\"ListItem\",\"position\":3,\"name\":\"Begijnhof\"}]},{\"@type\":\"WebSite\",\"@id\":\"https:\\\/\\\/erasmushouse.museum\\\/nl\\\/#website\",\"url\":\"https:\\\/\\\/erasmushouse.museum\\\/nl\\\/\",\"name\":\"Erasmus House\",\"description\":\"Visitez une des plus anciennes maisons gothiques de Bruxelles\",\"potentialAction\":[{\"@type\":\"SearchAction\",\"target\":{\"@type\":\"EntryPoint\",\"urlTemplate\":\"https:\\\/\\\/erasmushouse.museum\\\/nl\\\/?s={search_term_string}\"},\"query-input\":{\"@type\":\"PropertyValueSpecification\",\"valueRequired\":true,\"valueName\":\"search_term_string\"}}],\"inLanguage\":\"nl-NL\"}]}<\/script>\n<!-- \/ Yoast SEO plugin. -->","yoast_head_json":{"title":"Begijnhof - Erasmus House","description":"Ontdenk deze uitzonderlijk erfgoed uniek in Europa","robots":{"index":"index","follow":"follow","max-snippet":"max-snippet:-1","max-image-preview":"max-image-preview:large","max-video-preview":"max-video-preview:-1"},"canonical":"https:\/\/erasmushouse.museum\/nl\/ontdek\/begijnhof\/","og_locale":"nl_NL","og_type":"article","og_title":"Begijnhof - Erasmus House","og_description":"Ontdenk deze uitzonderlijk erfgoed uniek in Europa","og_url":"https:\/\/erasmushouse.museum\/nl\/ontdek\/begijnhof\/","og_site_name":"Erasmus House","article_modified_time":"2026-02-10T15:14:20+00:00","twitter_card":"summary_large_image","twitter_misc":{"Geschatte leestijd":"4 minuten"},"schema":{"@context":"https:\/\/schema.org","@graph":[{"@type":"WebPage","@id":"https:\/\/erasmushouse.museum\/nl\/ontdek\/begijnhof\/","url":"https:\/\/erasmushouse.museum\/nl\/ontdek\/begijnhof\/","name":"Begijnhof - Erasmus House","isPartOf":{"@id":"https:\/\/erasmushouse.museum\/nl\/#website"},"datePublished":"2020-02-04T14:20:15+00:00","dateModified":"2026-02-10T15:14:20+00:00","description":"Ontdenk deze uitzonderlijk erfgoed uniek in Europa","breadcrumb":{"@id":"https:\/\/erasmushouse.museum\/nl\/ontdek\/begijnhof\/#breadcrumb"},"inLanguage":"nl-NL","potentialAction":[{"@type":"ReadAction","target":["https:\/\/erasmushouse.museum\/nl\/ontdek\/begijnhof\/"]}]},{"@type":"BreadcrumbList","@id":"https:\/\/erasmushouse.museum\/nl\/ontdek\/begijnhof\/#breadcrumb","itemListElement":[{"@type":"ListItem","position":1,"name":"Home","item":"https:\/\/www.erasmushouse.museum\/nl\/"},{"@type":"ListItem","position":2,"name":"Ontdek","item":"https:\/\/www.erasmushouse.museum\/nl\/ontdek\/"},{"@type":"ListItem","position":3,"name":"Begijnhof"}]},{"@type":"WebSite","@id":"https:\/\/erasmushouse.museum\/nl\/#website","url":"https:\/\/erasmushouse.museum\/nl\/","name":"Erasmus House","description":"Visitez une des plus anciennes maisons gothiques de Bruxelles","potentialAction":[{"@type":"SearchAction","target":{"@type":"EntryPoint","urlTemplate":"https:\/\/erasmushouse.museum\/nl\/?s={search_term_string}"},"query-input":{"@type":"PropertyValueSpecification","valueRequired":true,"valueName":"search_term_string"}}],"inLanguage":"nl-NL"}]}},"_links":{"self":[{"href":"https:\/\/erasmushouse.museum\/nl\/wp-json\/wp\/v2\/pages\/7541","targetHints":{"allow":["GET"]}}],"collection":[{"href":"https:\/\/erasmushouse.museum\/nl\/wp-json\/wp\/v2\/pages"}],"about":[{"href":"https:\/\/erasmushouse.museum\/nl\/wp-json\/wp\/v2\/types\/page"}],"author":[{"embeddable":true,"href":"https:\/\/erasmushouse.museum\/nl\/wp-json\/wp\/v2\/users\/10"}],"replies":[{"embeddable":true,"href":"https:\/\/erasmushouse.museum\/nl\/wp-json\/wp\/v2\/comments?post=7541"}],"version-history":[{"count":7,"href":"https:\/\/erasmushouse.museum\/nl\/wp-json\/wp\/v2\/pages\/7541\/revisions"}],"predecessor-version":[{"id":24337,"href":"https:\/\/erasmushouse.museum\/nl\/wp-json\/wp\/v2\/pages\/7541\/revisions\/24337"}],"up":[{"embeddable":true,"href":"https:\/\/erasmushouse.museum\/nl\/wp-json\/wp\/v2\/pages\/7209"}],"wp:attachment":[{"href":"https:\/\/erasmushouse.museum\/nl\/wp-json\/wp\/v2\/media?parent=7541"}],"curies":[{"name":"wp","href":"https:\/\/api.w.org\/{rel}","templated":true}]}}