{"id":8163,"date":"2020-05-06T20:48:28","date_gmt":"2020-05-06T18:48:28","guid":{"rendered":"https:\/\/erasmushouse.museum\/amis-du-musee\/"},"modified":"2025-07-28T10:51:46","modified_gmt":"2025-07-28T08:51:46","slug":"steun-ons","status":"publish","type":"page","link":"https:\/\/erasmushouse.museum\/nl\/steun-ons\/","title":{"rendered":"Steun ons"},"content":{"rendered":"<div class=\"wpb-content-wrapper\"><p>[vc_row row_content_width=&#8221;grid&#8221; css=&#8221;.vc_custom_1577736385938{padding-top: 6% !important;}&#8221;][vc_column][vc_row_inner][vc_column_inner offset=&#8221;vc_hidden-lg vc_hidden-md&#8221;][vc_empty_space height=&#8221;60px&#8221;][\/vc_column_inner][\/vc_row_inner][vc_column_text]<\/p>\n<h1 style=\"text-align: center;\">STEUN ONS<\/h1>\n<p>[\/vc_column_text][vc_single_image image=&#8221;7287&#8243; img_size=&#8221;full&#8221; alignment=&#8221;center&#8221;][vc_empty_space height=&#8221;60px&#8221;][\/vc_column][\/vc_row][vc_row content_placement=&#8221;top&#8221; row_content_width=&#8221;grid&#8221; css=&#8221;.vc_custom_1588791826952{padding-top: 5% !important;padding-bottom: 5% !important;}&#8221;][vc_column][vc_row_inner content_placement=&#8221;middle&#8221; row_content_width=&#8221;grid&#8221; content_text_aligment=&#8221;left&#8221;][vc_column_inner width=&#8221;1\/6&#8243; css=&#8221;.vc_custom_1577736603172{padding-right: 5% !important;padding-left: 5% !important;}&#8221;][\/vc_column_inner][vc_column_inner width=&#8221;1\/3&#8243; css=&#8221;.vc_custom_1577736325634{padding-right: 5% !important;padding-left: 5% !important;}&#8221;][vc_single_image image=&#8221;4815&#8243; img_size=&#8221;full&#8221;][\/vc_column_inner][vc_column_inner width=&#8221;1\/2&#8243;][vc_empty_space height=&#8221;40px&#8221;][vc_column_text]<\/p>\n<h2>Waarom wordt men Vriend van onze instelling ?<\/h2>\n<p>[\/vc_column_text][vc_single_image image=&#8221;4903&#8243; img_size=&#8221;full&#8221; css=&#8221;.vc_custom_1588791521965{margin-top: 30px !important;margin-bottom: 30px !important;}&#8221;][vc_column_text]<\/p>\n<p style=\"text-align: left;\">Omdat men gewoon graag zijn steentje wil bijdragen tot de uitbreiding van onze collecties.<br \/>\nOmdat men ook wil bijdragen aan de uitstraling van dit Huis, waarvan de faam tot ver over onze grenzen reikt. Omdat hier Erasmus wordt ge\u00eberd, \u00e9\u00e9n van de meest vruchtbare denkers van de Renaissance, waarop wij voortbouwen.<br \/>\nEn omdat\u2026<\/p>\n<p>[\/vc_column_text][vc_empty_space height=&#8221;40px&#8221;][\/vc_column_inner][\/vc_row_inner][\/vc_column][\/vc_row][vc_row content_placement=&#8221;top&#8221; css=&#8221;.vc_custom_1588791811142{padding-top: 2% !important;padding-bottom: 5% !important;background-color: #ffffff !important;}&#8221;][vc_column][vc_row_inner content_placement=&#8221;middle&#8221; row_content_width=&#8221;grid&#8221; content_text_aligment=&#8221;left&#8221;][vc_column_inner width=&#8221;1\/2&#8243; css=&#8221;.vc_custom_1577736603172{padding-right: 5% !important;padding-left: 5% !important;}&#8221;][vc_empty_space height=&#8221;40px&#8221;][vc_column_text]<\/p>\n<h2>Lid worden<\/h2>\n<p>[\/vc_column_text][vc_single_image image=&#8221;4903&#8243; img_size=&#8221;full&#8221; css=&#8221;.vc_custom_1588791521965{margin-top: 30px !important;margin-bottom: 30px !important;}&#8221;][vc_column_text]<\/p>\n<p style=\"text-align: left;\">Om lid te worden betaalt u een jaarlijkse bijdrage van 25 euro voor een individuele bijdrage en 40 euro voor een bijdrage als koppel.<br \/>\nU kunt de desbetreffende storting doen op onderstaand bankrekeningnummer, ten name van:<br \/>\nDe Vrienden van het Erasmusmuseum, vzw<br \/>\nIBAN: BE19 0682 3024 7412 &#8211; BIC: GKCCBEBB<br \/>\nMededeling: \u00ab\u00a0lid, uw naam en voornaam, adres en e-mail-adres \u00bb (specifeer aub, \u2018individueel\u2019 of \u2018koppel\u2019).<\/p>\n<p>Door een jaarlijkse contributie te betalen (1\/1 tot 31\/12) aan het begin van het jaar krijgt u gratis toegang tot het Museum en een korting van 10% op de aankoop van onze publicaties gedurende het hele jaar.[\/vc_column_text][vc_empty_space height=&#8221;40px&#8221;][\/vc_column_inner][vc_column_inner width=&#8221;1\/3&#8243; css=&#8221;.vc_custom_1577736325634{padding-right: 5% !important;padding-left: 5% !important;}&#8221;][vc_single_image image=&#8221;6091&#8243; img_size=&#8221;full&#8221;][\/vc_column_inner][vc_column_inner width=&#8221;1\/6&#8243;][\/vc_column_inner][\/vc_row_inner][vc_row_inner content_placement=&#8221;middle&#8221; row_content_width=&#8221;grid&#8221; content_text_aligment=&#8221;left&#8221;][vc_column_inner width=&#8221;1\/2&#8243; css=&#8221;.vc_custom_1577736603172{padding-right: 5% !important;padding-left: 5% !important;}&#8221;][vc_empty_space height=&#8221;40px&#8221;][vc_column_text]<\/p>\n<h2>Mecenaat<\/h2>\n<p>[\/vc_column_text][vc_single_image image=&#8221;4903&#8243; img_size=&#8221;full&#8221; css=&#8221;.vc_custom_1588791521965{margin-top: 30px !important;margin-bottom: 30px !important;}&#8221;][vc_column_text]<\/p>\n<p style=\"text-align: left;\">U kunt ons ook steunen door een gift aan ons over te maken. Wij stellen uw gift ten zeerste op prijs!<br \/>\nDe Vrienden van het Erasmusmuseum, vzw<br \/>\nIBAN: BE19 0682 3024 7412-BIC: GKCCBEBB<br \/>\nMededeling \u00ab\u00a0Gift \u00a0\u00bb .<br \/>\nVoor elke gift van 40 euro of meer zal u een fiscaal attest worden toegezonden (giften zijn mogelijk tussen 12,50 euro en 10.000 euro).<\/p>\n<p>[\/vc_column_text][vc_empty_space height=&#8221;40px&#8221;][\/vc_column_inner][\/vc_row_inner][\/vc_column][\/vc_row][vc_row content_placement=&#8221;top&#8221; row_content_width=&#8221;grid&#8221; css=&#8221;.vc_custom_1588791797569{padding-top: 5% !important;padding-bottom: 5% !important;}&#8221;][vc_column][vc_row_inner content_placement=&#8221;middle&#8221; row_content_width=&#8221;grid&#8221; content_text_aligment=&#8221;left&#8221;][vc_column_inner width=&#8221;1\/6&#8243; css=&#8221;.vc_custom_1577736603172{padding-right: 5% !important;padding-left: 5% !important;}&#8221;][\/vc_column_inner][vc_column_inner width=&#8221;1\/3&#8243; css=&#8221;.vc_custom_1577736325634{padding-right: 5% !important;padding-left: 5% !important;}&#8221;][vc_single_image image=&#8221;5512&#8243; img_size=&#8221;full&#8221;][\/vc_column_inner][vc_column_inner width=&#8221;1\/2&#8243;][vc_empty_space height=&#8221;40px&#8221;][vc_column_text]<\/p>\n<h2>Statuten en bestuurders<\/h2>\n<p>[\/vc_column_text][vc_single_image image=&#8221;4903&#8243; img_size=&#8221;full&#8221; css=&#8221;.vc_custom_1588791521965{margin-top: 30px !important;margin-bottom: 30px !important;}&#8221;][vc_column_text]De vereniging \u2018Vrienden van Erasmus\u2019 werd in 1932, tijdens de inhuldiging van het museum, opgericht als een feitelijke\u00a0vereniging. In 1981 werd de vereniging omgevormd tot een vzw, met vervolgens de vzw &#8220;Erasmus 2000&#8221;, opgericht in 1999. Als gevolg van de Vzw-hervorming werd de vereniging in 2006 omgedoopt tot &#8220;De Vrienden van het Erasmusmuseum &#8211; Les Amis du Mus\u00e9e \u00c9rasme&#8221;.[\/vc_column_text][vc_empty_space height=&#8221;40px&#8221;][\/vc_column_inner][\/vc_row_inner][\/vc_column][\/vc_row][vc_row content_text_aligment=&#8221;center&#8221;][vc_column][vc_row_inner content_placement=&#8221;top&#8221; gap=&#8221;1&#8243; row_content_width=&#8221;grid&#8221; content_text_aligment=&#8221;center&#8221; css=&#8221;.vc_custom_1576513282206{padding-top: 5% !important;padding-bottom: 5% !important;}&#8221;][vc_column_inner width=&#8221;1\/2&#8243; css=&#8221;.vc_custom_1576513293129{border-top-width: 0px !important;border-right-width: 1px !important;border-bottom-width: 0px !important;border-left-width: 0px !important;padding-right: 10% !important;padding-left: 10% !important;border-left-color: #d8d8d8 !important;border-left-style: solid !important;border-right-color: #d8d8d8 !important;border-right-style: solid !important;border-top-color: #d8d8d8 !important;border-top-style: solid !important;border-bottom-color: #d8d8d8 !important;border-bottom-style: solid !important;}&#8221;][vc_column_text]<\/p>\n<h2 style=\"text-align: center;\">Statuten<\/h2>\n<p style=\"text-align: center;\"><a href=\"\/wp-content\/uploads\/2020\/05\/Statuts_FR_2006.pdf\" target=\"_blank\" rel=\"noopener noreferrer\">Download\u00a0<\/a><\/p>\n<p>[\/vc_column_text][vc_empty_space height=&#8221;20px&#8221;][\/vc_column_inner][vc_column_inner width=&#8221;1\/2&#8243; css=&#8221;.vc_custom_1576513299643{border-top-width: 0px !important;border-right-width: 0px !important;border-bottom-width: 0px !important;border-left-width: 0px !important;padding-right: 10% !important;padding-left: 10% !important;}&#8221;][vc_column_text css=&#8221;&#8221;]<\/p>\n<h2 style=\"text-align: center;\">Bestuurders<\/h2>\n<p style=\"text-align: center;\"><a href=\"https:\/\/www.erasmushouse.museum\/wp-content\/uploads\/2025\/07\/VZW-LEDEN-2025.pdf\" target=\"_blank\" rel=\"noopener\">Download<\/a><\/p>\n<p>[\/vc_column_text][vc_empty_space height=&#8221;20px&#8221;][\/vc_column_inner][\/vc_row_inner][\/vc_column][\/vc_row]<\/p>\n<\/div>","protected":false},"excerpt":{"rendered":"<p> [&hellip;]<\/p>\n","protected":false},"author":1,"featured_media":0,"parent":0,"menu_order":0,"comment_status":"closed","ping_status":"closed","template":"full-width.php","meta":{"_acf_changed":false,"footnotes":""},"class_list":["post-8163","page","type-page","status-publish","hentry"],"acf":[],"yoast_head":"<!-- This site is optimized with the Yoast SEO plugin v27.4 - https:\/\/yoast.com\/product\/yoast-seo-wordpress\/ -->\n<title>Steun ons - Erasmus House<\/title>\n<meta name=\"robots\" content=\"index, follow, max-snippet:-1, max-image-preview:large, max-video-preview:-1\" \/>\n<link rel=\"canonical\" href=\"https:\/\/erasmushouse.museum\/nl\/steun-ons\/\" \/>\n<meta property=\"og:locale\" content=\"nl_NL\" \/>\n<meta property=\"og:type\" content=\"article\" \/>\n<meta property=\"og:title\" content=\"Steun ons - Erasmus House\" \/>\n<meta property=\"og:description\" content=\"[&hellip;]\" \/>\n<meta property=\"og:url\" content=\"https:\/\/erasmushouse.museum\/nl\/steun-ons\/\" \/>\n<meta property=\"og:site_name\" content=\"Erasmus House\" \/>\n<meta property=\"article:modified_time\" content=\"2025-07-28T08:51:46+00:00\" \/>\n<meta name=\"twitter:card\" content=\"summary_large_image\" \/>\n<meta name=\"twitter:label1\" content=\"Geschatte leestijd\" \/>\n\t<meta name=\"twitter:data1\" content=\"5 minuten\" \/>\n<script type=\"application\/ld+json\" class=\"yoast-schema-graph\">{\"@context\":\"https:\\\/\\\/schema.org\",\"@graph\":[{\"@type\":\"WebPage\",\"@id\":\"https:\\\/\\\/erasmushouse.museum\\\/nl\\\/steun-ons\\\/\",\"url\":\"https:\\\/\\\/erasmushouse.museum\\\/nl\\\/steun-ons\\\/\",\"name\":\"Steun ons - Erasmus House\",\"isPartOf\":{\"@id\":\"https:\\\/\\\/erasmushouse.museum\\\/nl\\\/#website\"},\"datePublished\":\"2020-05-06T18:48:28+00:00\",\"dateModified\":\"2025-07-28T08:51:46+00:00\",\"breadcrumb\":{\"@id\":\"https:\\\/\\\/erasmushouse.museum\\\/nl\\\/steun-ons\\\/#breadcrumb\"},\"inLanguage\":\"nl-NL\",\"potentialAction\":[{\"@type\":\"ReadAction\",\"target\":[\"https:\\\/\\\/erasmushouse.museum\\\/nl\\\/steun-ons\\\/\"]}]},{\"@type\":\"BreadcrumbList\",\"@id\":\"https:\\\/\\\/erasmushouse.museum\\\/nl\\\/steun-ons\\\/#breadcrumb\",\"itemListElement\":[{\"@type\":\"ListItem\",\"position\":1,\"name\":\"Home\",\"item\":\"https:\\\/\\\/www.erasmushouse.museum\\\/nl\\\/\"},{\"@type\":\"ListItem\",\"position\":2,\"name\":\"Steun ons\"}]},{\"@type\":\"WebSite\",\"@id\":\"https:\\\/\\\/erasmushouse.museum\\\/nl\\\/#website\",\"url\":\"https:\\\/\\\/erasmushouse.museum\\\/nl\\\/\",\"name\":\"Erasmus House\",\"description\":\"Visitez une des plus anciennes maisons gothiques de Bruxelles\",\"potentialAction\":[{\"@type\":\"SearchAction\",\"target\":{\"@type\":\"EntryPoint\",\"urlTemplate\":\"https:\\\/\\\/erasmushouse.museum\\\/nl\\\/?s={search_term_string}\"},\"query-input\":{\"@type\":\"PropertyValueSpecification\",\"valueRequired\":true,\"valueName\":\"search_term_string\"}}],\"inLanguage\":\"nl-NL\"}]}<\/script>\n<!-- \/ Yoast SEO plugin. -->","yoast_head_json":{"title":"Steun ons - Erasmus House","robots":{"index":"index","follow":"follow","max-snippet":"max-snippet:-1","max-image-preview":"max-image-preview:large","max-video-preview":"max-video-preview:-1"},"canonical":"https:\/\/erasmushouse.museum\/nl\/steun-ons\/","og_locale":"nl_NL","og_type":"article","og_title":"Steun ons - Erasmus House","og_description":"[&hellip;]","og_url":"https:\/\/erasmushouse.museum\/nl\/steun-ons\/","og_site_name":"Erasmus House","article_modified_time":"2025-07-28T08:51:46+00:00","twitter_card":"summary_large_image","twitter_misc":{"Geschatte leestijd":"5 minuten"},"schema":{"@context":"https:\/\/schema.org","@graph":[{"@type":"WebPage","@id":"https:\/\/erasmushouse.museum\/nl\/steun-ons\/","url":"https:\/\/erasmushouse.museum\/nl\/steun-ons\/","name":"Steun ons - Erasmus House","isPartOf":{"@id":"https:\/\/erasmushouse.museum\/nl\/#website"},"datePublished":"2020-05-06T18:48:28+00:00","dateModified":"2025-07-28T08:51:46+00:00","breadcrumb":{"@id":"https:\/\/erasmushouse.museum\/nl\/steun-ons\/#breadcrumb"},"inLanguage":"nl-NL","potentialAction":[{"@type":"ReadAction","target":["https:\/\/erasmushouse.museum\/nl\/steun-ons\/"]}]},{"@type":"BreadcrumbList","@id":"https:\/\/erasmushouse.museum\/nl\/steun-ons\/#breadcrumb","itemListElement":[{"@type":"ListItem","position":1,"name":"Home","item":"https:\/\/www.erasmushouse.museum\/nl\/"},{"@type":"ListItem","position":2,"name":"Steun ons"}]},{"@type":"WebSite","@id":"https:\/\/erasmushouse.museum\/nl\/#website","url":"https:\/\/erasmushouse.museum\/nl\/","name":"Erasmus House","description":"Visitez une des plus anciennes maisons gothiques de Bruxelles","potentialAction":[{"@type":"SearchAction","target":{"@type":"EntryPoint","urlTemplate":"https:\/\/erasmushouse.museum\/nl\/?s={search_term_string}"},"query-input":{"@type":"PropertyValueSpecification","valueRequired":true,"valueName":"search_term_string"}}],"inLanguage":"nl-NL"}]}},"_links":{"self":[{"href":"https:\/\/erasmushouse.museum\/nl\/wp-json\/wp\/v2\/pages\/8163","targetHints":{"allow":["GET"]}}],"collection":[{"href":"https:\/\/erasmushouse.museum\/nl\/wp-json\/wp\/v2\/pages"}],"about":[{"href":"https:\/\/erasmushouse.museum\/nl\/wp-json\/wp\/v2\/types\/page"}],"author":[{"embeddable":true,"href":"https:\/\/erasmushouse.museum\/nl\/wp-json\/wp\/v2\/users\/1"}],"replies":[{"embeddable":true,"href":"https:\/\/erasmushouse.museum\/nl\/wp-json\/wp\/v2\/comments?post=8163"}],"version-history":[{"count":7,"href":"https:\/\/erasmushouse.museum\/nl\/wp-json\/wp\/v2\/pages\/8163\/revisions"}],"predecessor-version":[{"id":22255,"href":"https:\/\/erasmushouse.museum\/nl\/wp-json\/wp\/v2\/pages\/8163\/revisions\/22255"}],"wp:attachment":[{"href":"https:\/\/erasmushouse.museum\/nl\/wp-json\/wp\/v2\/media?parent=8163"}],"curies":[{"name":"wp","href":"https:\/\/api.w.org\/{rel}","templated":true}]}}